{"id":14318,"date":"2023-05-23T05:01:44","date_gmt":"2023-05-23T03:01:44","guid":{"rendered":"https:\/\/reptilepassion.com\/?page_id=14318"},"modified":"2023-05-23T05:24:06","modified_gmt":"2023-05-23T03:24:06","slug":"mentions-legales","status":"publish","type":"page","link":"https:\/\/reptilepassion.com\/index.php\/mentions-legales\/","title":{"rendered":"Mentions L\u00e9gales"},"content":{"rendered":"\t\t<div data-elementor-type=\"wp-page\" data-elementor-id=\"14318\" class=\"elementor elementor-14318\">\n\t\t\t\t\t\t<section class=\"elementor-section elementor-top-section elementor-element elementor-element-98e4481 elementor-section-boxed elementor-section-height-default elementor-section-height-default selection-is-not-sticked\" data-id=\"98e4481\" data-element_type=\"section\" data-e-type=\"section\">\n\t\t\t\t\t\t<div class=\"elementor-container elementor-column-gap-default\">\n\t\t\t\t\t<div class=\"elementor-column elementor-col-100 elementor-top-column elementor-element elementor-element-17954c9\" data-id=\"17954c9\" data-element_type=\"column\" data-e-type=\"column\">\n\t\t\t<div class=\"elementor-widget-wrap elementor-element-populated\">\n\t\t\t\t\t\t<div class=\"elementor-element elementor-element-d1cd719 elementor-widget elementor-widget-text-editor\" data-id=\"d1cd719\" data-element_type=\"widget\" data-e-type=\"widget\" data-widget_type=\"text-editor.default\">\n\t\t\t\t<div class=\"elementor-widget-container\">\n\t\t\t\t\t\t\t\t\t<h1>Identification<\/h1><div>\u00a0<\/div><p>Raison sociale : REPTILEPASSION<\/p><p>Forme juridique et capital : SASU au capital de 7,500\u20ac<\/p><p>Nom responsable : Millier<\/p><p>Pr\u00e9nom responsable : Fr\u00e9d\u00e9ric<\/p><p>Si\u00e8ge social : 93 Rue de Gerland, 69007 Lyon France<\/p><p>E-mail : contact@reptilepassion.com<\/p><p>Num\u00e9ro : 04.37.66.01.20 \/ 06.60.68.69.59<\/p><p>TVA intra-communautaire :\u00a0FR55799474176<\/p><p>Siret :\u00a079947417600028<\/p><p>H\u00e9bergeur du site : ovhcloud.com<\/p><p>Directeur de publication \/ responsable de la r\u00e9daction : Fr\u00e9d\u00e9ric Millier<\/p><p>Le site reptilepassion.com est la propri\u00e9t\u00e9 de la soci\u00e9t\u00e9\u00a0<span style=\"color: var( --e-global-color-text ); font-weight: var( --e-global-typography-text-font-weight );\">REPTILEPASSION<\/span><span style=\"color: var( --e-global-color-text ); font-weight: var( --e-global-typography-text-font-weight );\">\u00a0en sa totalit\u00e9, ainsi que l&#8217;ensemble des droits y aff\u00e9rents. Toute reproduction, int\u00e9grale ou partielle, est syst\u00e9matiquement soumise \u00e0 l&#8217;autorisation des propri\u00e9taires.<\/span><\/p>\t\t\t\t\t\t\t\t<\/div>\n\t\t\t\t<\/div>\n\t\t\t\t\t<\/div>\n\t\t<\/div>\n\t\t\t\t\t<\/div>\n\t\t<\/section>\n\t\t\t\t<\/div>\n\t\t","protected":false},"excerpt":{"rendered":"<p>Identification \u00a0 Raison sociale : REPTILEPASSION Forme juridique et capital : SASU au capital de 7,500\u20ac Nom responsable : Millier Pr\u00e9nom responsable : Fr\u00e9d\u00e9ric Si\u00e8ge social : 93 Rue de Gerland, 69007 Lyon France E-mail : contact@reptilepassion.com Num\u00e9ro : 04.37.66.01.20 \/ 06.60.68.69.59 TVA intra-communautaire :\u00a0FR55799474176 Siret :\u00a079947417600028 H\u00e9bergeur du site : ovhcloud.com Directeur de publication &hellip; <\/p>\n<p class=\"link-more\"><a href=\"https:\/\/reptilepassion.com\/index.php\/mentions-legales\/\" class=\"more-link\"><\/a><\/p>\n","protected":false},"author":1,"featured_media":0,"parent":0,"menu_order":0,"comment_status":"closed","ping_status":"closed","template":"","meta":{"footnotes":""},"class_list":["post-14318","page","type-page","status-publish","hentry"],"_links":{"self":[{"href":"https:\/\/reptilepassion.com\/index.php\/wp-json\/wp\/v2\/pages\/14318","targetHints":{"allow":["GET"]}}],"collection":[{"href":"https:\/\/reptilepassion.com\/index.php\/wp-json\/wp\/v2\/pages"}],"about":[{"href":"https:\/\/reptilepassion.com\/index.php\/wp-json\/wp\/v2\/types\/page"}],"author":[{"embeddable":true,"href":"https:\/\/reptilepassion.com\/index.php\/wp-json\/wp\/v2\/users\/1"}],"replies":[{"embeddable":true,"href":"https:\/\/reptilepassion.com\/index.php\/wp-json\/wp\/v2\/comments?post=14318"}],"version-history":[{"count":7,"href":"https:\/\/reptilepassion.com\/index.php\/wp-json\/wp\/v2\/pages\/14318\/revisions"}],"predecessor-version":[{"id":14329,"href":"https:\/\/reptilepassion.com\/index.php\/wp-json\/wp\/v2\/pages\/14318\/revisions\/14329"}],"wp:attachment":[{"href":"https:\/\/reptilepassion.com\/index.php\/wp-json\/wp\/v2\/media?parent=14318"}],"curies":[{"name":"wp","href":"https:\/\/api.w.org\/{rel}","templated":true}]}}